{"id":4230,"date":"2021-10-18T19:00:49","date_gmt":"2021-10-18T19:00:49","guid":{"rendered":"https:\/\/omens.la-studioweb.com\/?page_id=4230"},"modified":"2024-09-23T14:38:22","modified_gmt":"2024-09-23T13:38:22","slug":"termini-e-condizioni","status":"publish","type":"page","link":"https:\/\/ycosline.axemalab.com\/en\/termini-e-condizioni\/","title":{"rendered":"Termini e Condizioni"},"content":{"rendered":"<div data-elementor-type=\"wp-page\" data-elementor-id=\"4230\" class=\"elementor elementor-4230\">\n\t\t\t\t<div class=\"elementor-element elementor-element-971ffd0 e-flex e-con-boxed lakit-col-width-auto-no e-container e-root-container elementor-top-section e-con e-parent\" data-id=\"971ffd0\" data-element_type=\"container\">\n\t\t\t\t\t<div class=\"e-con-inner\">\n\t\t\t\t<div class=\"elementor-element elementor-element-4cd453f elementor-widget elementor-widget-heading\" data-id=\"4cd453f\" data-element_type=\"widget\" data-widget_type=\"heading.default\">\n\t\t\t\t<div class=\"elementor-widget-container\">\n\t\t\t<h2 class=\"elementor-heading-title elementor-size-default\">Termini e Condizioni<\/h2>\t\t<\/div>\n\t\t\t\t<\/div>\n\t\t\t\t<div class=\"elementor-element elementor-element-192acba elementor-widget elementor-widget-text-editor\" data-id=\"192acba\" data-element_type=\"widget\" data-widget_type=\"text-editor.default\">\n\t\t\t\t<div class=\"elementor-widget-container\">\n\t\t\t\t\t\t\t<p class=\"p1\"><strong>Propriet\u00e0 intellettuale<\/strong><br \/>I marchi, i nomi, i contenuti testuali e grafici, le illustrazioni e le immagini riprodotte sul Sito non possono essere utilizzati se non in ambito esclusivamente privato. Ogni riproduzione totale o parziale del Sito \u00e8 severamente vietata, e dall\u2019accesso al Sito o dall\u2019acquisto dei Prodotti non deriva nessun diritto sui contenuti e marchi riprodotti sul Sito stesso.<\/p><p><strong>Articoli ed immagini on-line<\/strong><br \/>La societ\u00e0 Ycosline S.r.l. declina ogni responsabilit\u00e0 circa la possibilit\u00e0 che, a causa di una particolare configurazione del computer utilizzato dal Cliente o di un suo malfunzionamento, i colori dei prodotti visualizzati sul sito presentino leggere differenze rispetto a quelli originali.<\/p><p class=\"p1\">Le immagini contenute sul sito www.ycosline.it sono di esclusiva propriet\u00e0 di Ycosline S.r.l. e ogni utilizzo di tali immagini, non autorizzato da un consenso scritto della societ\u00e0 Ycosline S.r.l., sar\u00e0 perseguito a norma di legge. Per maggiori informazioni contattare: \u00a0<a href=\"mailto:info@ycosline.axemalab.com\">info@ycosline.axemalab.com<\/a><\/p><p><strong>Trattamento dei dati personali<\/strong><br \/>Informativa sul trattamento dei dati personali ai sensi dell\u2019art. 13 del Regolamento Europeo n.679\/2016 relativo alla protezione delle persone fisiche con riguardo al trattamento dei dati personali (GDPR) e dell\u2019art. 13 D.lgs 196\/2003 \u2013 Codice in materia di protezione dei dati personali.<\/p><p><strong>Titolare del Trattamento<\/strong><br \/>Titolare del trattamento dei dati personali del partecipante \u00e8 la Ycosline S.r.l. con sede in Viale delle Quercie, 14 &#8211;<a tabindex=\"0\" href=\"https:\/\/www.google.it\/maps\/place\/\/data=!4m2!3m1!1s0x133b0821bea53cf1:0xf650ba376a598c9d?sa=X&amp;ved=1t:8290&amp;ictx=111\" data-url=\"\/maps\/place\/\/data=!4m2!3m1!1s0x133b0821bea53cf1:0xf650ba376a598c9d?sa=X&amp;ved=2ahUKEwiz1_fkqb-HAxV42AIHHelkD84Q4kB6BAgFEAA\" data-sb=\"\/url?sa=t&amp;source=web&amp;rct=j&amp;opi=89978449&amp;url=\/maps\/place\/\/data%3D!4m2!3m1!1s0x133b0821bea53cf1:0xf650ba376a598c9d%3Fsa%3DX%26ved%3D1t:8290%26ictx%3D111&amp;ved=2ahUKEwiz1_fkqb-HAxV42AIHHelkD84Q4kB6BAgnEAM&amp;usg=AOvVaw0CpoJN4nN81BvtWunl3vgf\"> 81100\u00a0<\/a>Caserta. Il Titolare del trattamento garantisce la massima riservatezza nel trattamento dei dati personali, in conformit\u00e0 a quanto stabilito dalla normativa vigente in materia di protezione dei dati personali.<\/p><p>Specifiche misure di sicurezza sono osservate per prevenire la perdita dei dati, usi illeciti o non concessi ed accessi non autorizzati.<\/p><p><strong>Finalit\u00e0 del trattamento<\/strong><br \/>I dati personali dell\u2019interessato saranno trattati per finalit\u00e0 strettamente connesse all\u2019acquisto del prodotto. In particolare: a) gestione ed esecuzione del rapporto contrattuale e dei relativi adempimenti; b) adempimento ad obblighi previsti da leggi, da regolamenti, dalla normativa comunitaria, nonch\u00e9 dalle istruzioni predisposte dalle autorit\u00e0 e dagli organi di vigilanza.<\/p><p><strong>Destinatari del trattamento<\/strong><br \/>I dati non saranno diffusi e potranno essere conosciuti, nei limiti necessari e per le finalit\u00e0 indicate, da dipendenti e collaboratori, in quanto incaricati o responsabili, nonch\u00e9 comunicati a soggetti esterni, quali ad esempio societ\u00e0 appartenenti al gruppo Ycosline S.r.l. in Italia e in Europa, fornitori, corrieri, istituti bancari e societ\u00e0 che trattano dati per conto del titolare e di cui Ycosline S.r.l. potrebbe avvalersi nell\u2019ambito della gestione del rapporto contrattuale e del servizio fornito ovvero per esigenze organizzative della propria attivit\u00e0. Tali soggetti sono stati nominati responsabili del trattamento.<\/p><p>Il Titolare assicura sin d\u2019ora che l\u2019eventuale trasferimento dei dati extra-UE avverr\u00e0 in conformit\u00e0 all\u2019 art. 44 ss. del Regolamento ed alle disposizioni di legge applicabili stipulando, se necessario, accordi che garantiscano un livello di protezione adeguato.<\/p><p><strong>Tipologia di dati trattati<\/strong><br \/>Il Titolare tratta i dati personali necessari all\u2019acquisto del prodotto in particolare nome e cognome, dati di contatto quali indirizzo e-mail e numero di cellulare, indirizzo di residenza o domicilio.<\/p><p>Il Titolare potr\u00e0 inoltre salvare i cookies, come descritto pi\u00f9 dettagliatamente nella sezione\u00a0<span class=\"s1\">\u201cPrivacy Policy\u201d<\/span>.<\/p><p><strong>Modalit\u00e0 e Durata del trattamento<\/strong><br \/>I dati, insieme alle informazioni relative all\u2019ordine, saranno conservati per il tempo necessario a fornire assistenza e supporto in caso di reso e\/o risolvere qualsiasi problema relativo all\u2019ordine e, in genere, per la gestione ed esecuzione del rapporto contrattuale e dei relativi adempimenti ad obblighi previsti da leggi, da regolamenti, dalla normativa comunitaria, nonch\u00e9 dalle istruzioni predisposte dalle autorit\u00e0 e dagli organi di vigilanza.<\/p><p><strong>Diritti di cui agli Artt. 7 del Codice e 15,16, 17, 18, 20 e 21 del Regolamento:<\/strong><br \/>I soggetti cui si riferiscono i dati personali hanno il diritto in qualunque momento di ottenere la conferma dell\u2019esistenza o meno dei medesimi dati e la conferma che sia o meno in corso un trattamento degli stessi, di conoscerne il contenuto e l\u2019origine, verificarne l\u2019esattezza o chiedere di integrarli, aggiornarli, oppure rettificarli. Inoltre, hanno il diritto di chiedere la cancellazione, la trasformazione in forma anonima o il blocco dei dati trattati in violazione di legge, nonch\u00e9 di opporsi in ogni caso, per motivi legittimi, al loro trattamento.<\/p><p>Le richieste devono essere rivolte a Ycosline S.r.l. con sede in Viale delle Quercie, 14 &#8211;<a tabindex=\"0\" href=\"https:\/\/www.google.it\/maps\/place\/\/data=!4m2!3m1!1s0x133b0821bea53cf1:0xf650ba376a598c9d?sa=X&amp;ved=1t:8290&amp;ictx=111\" data-url=\"\/maps\/place\/\/data=!4m2!3m1!1s0x133b0821bea53cf1:0xf650ba376a598c9d?sa=X&amp;ved=2ahUKEwiz1_fkqb-HAxV42AIHHelkD84Q4kB6BAgFEAA\" data-sb=\"\/url?sa=t&amp;source=web&amp;rct=j&amp;opi=89978449&amp;url=\/maps\/place\/\/data%3D!4m2!3m1!1s0x133b0821bea53cf1:0xf650ba376a598c9d%3Fsa%3DX%26ved%3D1t:8290%26ictx%3D111&amp;ved=2ahUKEwiz1_fkqb-HAxV42AIHHelkD84Q4kB6BAgnEAM&amp;usg=AOvVaw0CpoJN4nN81BvtWunl3vgf\"> 81100 Caserta<\/a>, nella persona del Responsabile della protezione dei Dati (c.d. Data protection officer DPO), inviando una mail all\u2019indirizzo e-mail info@ycosline.axemalab.com<\/p><p>Si segnala inoltre che l\u2019interessato ha il diritto di revocare il consenso in qualsiasi momento senza pregiudicare la liceit\u00e0 del trattamento basata sul consenso prestato prima della revoca, fermo restando le conseguenze sotto indicate in merito ad un eventuale rifiuto a fornire tali dati personali.<\/p><p>L\u2019interessato ha inoltre il diritto di proporre un reclamo ad un\u2019Autorit\u00e0 di Garante per la privacy. Il conferimento dei dati \u00e8 facoltativo. Tuttavia, un eventuale mancato conferimento dei dati richiesti potr\u00e0 comportare l\u2019impossibilit\u00e0 di instaurare o proseguire, in tutto o in parte, il rapporto contrattuale e di dare seguito alle richieste di erogazione dei servizi.<\/p>\t\t\t\t\t\t<\/div>\n\t\t\t\t<\/div>\n\t\t\t\t\t<\/div>\n\t\t\t\t<\/div>\n\t\t\t\t<\/div>","protected":false},"excerpt":{"rendered":"<p>Termini e Condizioni Propriet\u00e0 intellettualeI marchi, i nomi, i contenuti testuali e grafici, le illustrazioni e le immagini riprodotte sul [&hellip;]<\/p>","protected":false},"author":1,"featured_media":0,"parent":0,"menu_order":0,"comment_status":"closed","ping_status":"closed","template":"","meta":{"_joinchat":[],"footnotes":""},"class_list":["post-4230","page","type-page","status-publish","hentry"],"_links":{"self":[{"href":"https:\/\/ycosline.axemalab.com\/en\/wp-json\/wp\/v2\/pages\/4230","targetHints":{"allow":["GET"]}}],"collection":[{"href":"https:\/\/ycosline.axemalab.com\/en\/wp-json\/wp\/v2\/pages"}],"about":[{"href":"https:\/\/ycosline.axemalab.com\/en\/wp-json\/wp\/v2\/types\/page"}],"author":[{"embeddable":true,"href":"https:\/\/ycosline.axemalab.com\/en\/wp-json\/wp\/v2\/users\/1"}],"replies":[{"embeddable":true,"href":"https:\/\/ycosline.axemalab.com\/en\/wp-json\/wp\/v2\/comments?post=4230"}],"version-history":[{"count":9,"href":"https:\/\/ycosline.axemalab.com\/en\/wp-json\/wp\/v2\/pages\/4230\/revisions"}],"predecessor-version":[{"id":16430,"href":"https:\/\/ycosline.axemalab.com\/en\/wp-json\/wp\/v2\/pages\/4230\/revisions\/16430"}],"wp:attachment":[{"href":"https:\/\/ycosline.axemalab.com\/en\/wp-json\/wp\/v2\/media?parent=4230"}],"curies":[{"name":"wp","href":"https:\/\/api.w.org\/{rel}","templated":true}]}}